{"id":64,"date":"2025-05-27T14:46:35","date_gmt":"2025-05-27T12:46:35","guid":{"rendered":"https:\/\/www.alinechague.fr\/?page_id=64"},"modified":"2025-07-02T15:09:41","modified_gmt":"2025-07-02T13:09:41","slug":"psychopraticienne-a-besancon-aline-chague","status":"publish","type":"page","link":"https:\/\/www.alinechague.fr\/","title":{"rendered":"Psychopraticienne \u00e0 Besan\u00e7on \u2013 Aline Chagu\u00e9"},"content":{"rendered":"\t\t<div data-elementor-type=\"wp-page\" data-elementor-id=\"64\" class=\"elementor elementor-64\">\n\t\t\t\t<div class=\"elementor-element elementor-element-e854d3d e-flex e-con-boxed e-con e-parent\" data-id=\"e854d3d\" data-element_type=\"container\" data-e-type=\"container\">\n\t\t\t\t\t<div class=\"e-con-inner\">\n\t\t\t\t<div class=\"elementor-element elementor-element-3844791 elementor-widget elementor-widget-text-editor\" data-id=\"3844791\" data-element_type=\"widget\" data-e-type=\"widget\" data-widget_type=\"text-editor.default\">\n\t\t\t\t<div class=\"elementor-widget-container\">\n\t\t\t\t\t\t\t\t\t<p class=\"font_9 wixui-rich-text__text\"><strong><span class=\"wixui-rich-text__text\">Bienvenue dans un espace d&#8217;accueil et de bienveillance.\u00a0<\/span><\/strong><\/p><p class=\"font_9 wixui-rich-text__text\"><strong><span class=\"wixui-rich-text__text\">Je suis Aline Chagu\u00e9, <\/span><\/strong><span class=\"wixui-rich-text__text\"><strong>psychopraticienne sp\u00e9cialis\u00e9e en d\u00e9pression et addictions \u00e0 Besan\u00e7on et en ligne.<\/strong> <\/span><\/p><p class=\"font_9 wixui-rich-text__text\"><span class=\"wixui-rich-text__text\">Ici, vous trouverez un cocon protecteur, pour avancer vers votre bien-\u00eatre, et votre \u00e9quilibre.\u00a0<\/span><\/p><p class=\"font_9 wixui-rich-text__text\"><strong><span class=\"wixui-rich-text__text\">Ensemble, explorons les chemins vers votre \u00e9panouissement.<\/span><\/strong><\/p>\t\t\t\t\t\t\t\t<\/div>\n\t\t\t\t<\/div>\n\t\t\t\t\t<\/div>\n\t\t\t\t<\/div>\n\t\t<div class=\"elementor-element elementor-element-fd5f1ad e-flex e-con-boxed e-con e-parent\" data-id=\"fd5f1ad\" data-element_type=\"container\" data-e-type=\"container\">\n\t\t\t\t\t<div class=\"e-con-inner\">\n\t\t\t\t<div class=\"elementor-element elementor-element-d47c46f elementor-widget-divider--separator-type-pattern elementor-widget-divider--view-line elementor-widget elementor-widget-divider\" data-id=\"d47c46f\" data-element_type=\"widget\" data-e-type=\"widget\" data-widget_type=\"divider.default\">\n\t\t\t\t<div class=\"elementor-widget-container\">\n\t\t\t\t\t\t\t<div class=\"elementor-divider\" style=\"--divider-pattern-url: url(&quot;data:image\/svg+xml,%3Csvg xmlns=&#039;http:\/\/www.w3.org\/2000\/svg&#039; preserveAspectRatio=&#039;none&#039; overflow=&#039;visible&#039; height=&#039;100%&#039; viewBox=&#039;0 0 24 24&#039; fill=&#039;black&#039; stroke=&#039;none&#039;%3E%3Cpath d=&#039;M12.7,2.3c-0.4-0.4-1.1-0.4-1.5,0l-8,9.1c-0.3,0.4-0.3,0.9,0,1.2l8,9.1c0.4,0.4,1.1,0.4,1.5,0l8-9.1c0.3-0.4,0.3-0.9,0-1.2L12.7,2.3z&#039;\/%3E%3C\/svg%3E&quot;);\">\n\t\t\t<span class=\"elementor-divider-separator\">\n\t\t\t\t\t\t<\/span>\n\t\t<\/div>\n\t\t\t\t\t\t<\/div>\n\t\t\t\t<\/div>\n\t\t\t\t\t<\/div>\n\t\t\t\t<\/div>\n\t\t<div class=\"elementor-element elementor-element-b072ed4 e-flex e-con-boxed e-con e-parent\" data-id=\"b072ed4\" data-element_type=\"container\" data-e-type=\"container\">\n\t\t\t\t\t<div class=\"e-con-inner\">\n\t\t\t\t<div class=\"elementor-element elementor-element-cbd3723 elementor-widget elementor-widget-heading\" data-id=\"cbd3723\" data-element_type=\"widget\" data-e-type=\"widget\" data-widget_type=\"heading.default\">\n\t\t\t\t<div class=\"elementor-widget-container\">\n\t\t\t\t\t<h2 class=\"elementor-heading-title elementor-size-default\">Mes principaux domaines d'accompagnement :<\/h2>\t\t\t\t<\/div>\n\t\t\t\t<\/div>\n\t\t\t\t\t<\/div>\n\t\t\t\t<\/div>\n\t\t<div class=\"elementor-element elementor-element-c30854f e-flex e-con-boxed e-con e-parent\" data-id=\"c30854f\" data-element_type=\"container\" data-e-type=\"container\">\n\t\t\t\t\t<div class=\"e-con-inner\">\n\t\t<div class=\"elementor-element elementor-element-4230d25 e-con-full e-flex e-con e-child\" data-id=\"4230d25\" data-element_type=\"container\" data-e-type=\"container\">\n\t\t\t\t<div class=\"elementor-element elementor-element-840058c elementor-widget elementor-widget-image\" data-id=\"840058c\" data-element_type=\"widget\" data-e-type=\"widget\" data-widget_type=\"image.default\">\n\t\t\t\t<div class=\"elementor-widget-container\">\n\t\t\t\t\t\t\t\t\t\t\t\t<figure class=\"wp-caption\">\n\t\t\t\t\t\t\t\t\t\t\t<a href=\"https:\/\/www.alinechague.fr\/index.php\/therapie-depression-anxiete-besancon\/\" target=\"_blank\">\n\t\t\t\t\t\t\t<img decoding=\"async\" width=\"150\" height=\"150\" src=\"https:\/\/www.alinechague.fr\/wp-content\/uploads\/2025\/06\/mal-etre-depression-psychopraticienne-franche-comte-150x150.png\" class=\"attachment-thumbnail size-thumbnail wp-image-483\" alt=\"Ic\u00f4ne repr\u00e9sentant une personne recroquevill\u00e9e, symbole des troubles d\u00e9pressifs\" \/>\t\t\t\t\t\t\t\t<\/a>\n\t\t\t\t\t\t\t\t\t\t\t<figcaption class=\"widget-image-caption wp-caption-text\">Troubles d\u00e9pressifs<\/figcaption>\n\t\t\t\t\t\t\t\t\t\t<\/figure>\n\t\t\t\t\t\t\t\t\t<\/div>\n\t\t\t\t<\/div>\n\t\t\t\t<\/div>\n\t\t<div class=\"elementor-element elementor-element-80d8700 e-con-full e-flex e-con e-child\" data-id=\"80d8700\" data-element_type=\"container\" data-e-type=\"container\">\n\t\t\t\t<div class=\"elementor-element elementor-element-ab071de elementor-widget elementor-widget-image\" data-id=\"ab071de\" data-element_type=\"widget\" data-e-type=\"widget\" data-widget_type=\"image.default\">\n\t\t\t\t<div class=\"elementor-widget-container\">\n\t\t\t\t\t\t\t\t\t\t\t\t<figure class=\"wp-caption\">\n\t\t\t\t\t\t\t\t\t\t\t<a href=\"https:\/\/www.alinechague.fr\/index.php\/therapie-depression-anxiete-besancon\/\" target=\"_blank\">\n\t\t\t\t\t\t\t<img decoding=\"async\" width=\"150\" height=\"150\" src=\"https:\/\/www.alinechague.fr\/wp-content\/uploads\/2025\/06\/gestion-emotions-psychotherapie-150x150.png\" class=\"attachment-thumbnail size-thumbnail wp-image-482\" alt=\"Illustration d\u2019un cerveau en questionnement entour\u00e9 d\u2019\u00e9motic\u00f4nes, repr\u00e9sentant un trouble anxieux\" \/>\t\t\t\t\t\t\t\t<\/a>\n\t\t\t\t\t\t\t\t\t\t\t<figcaption class=\"widget-image-caption wp-caption-text\">Trouble anxieux<\/figcaption>\n\t\t\t\t\t\t\t\t\t\t<\/figure>\n\t\t\t\t\t\t\t\t\t<\/div>\n\t\t\t\t<\/div>\n\t\t\t\t<\/div>\n\t\t<div class=\"elementor-element elementor-element-117cb7a e-con-full e-flex e-con e-child\" data-id=\"117cb7a\" data-element_type=\"container\" data-e-type=\"container\">\n\t\t\t\t<div class=\"elementor-element elementor-element-3b0c7df elementor-widget elementor-widget-image\" data-id=\"3b0c7df\" data-element_type=\"widget\" data-e-type=\"widget\" data-widget_type=\"image.default\">\n\t\t\t\t<div class=\"elementor-widget-container\">\n\t\t\t\t\t\t\t\t\t\t\t\t<figure class=\"wp-caption\">\n\t\t\t\t\t\t\t\t\t\t\t<a href=\"https:\/\/www.alinechague.fr\/index.php\/accompagnement-addiction-comportement-besancon\/\" target=\"_blank\">\n\t\t\t\t\t\t\t<img decoding=\"async\" width=\"150\" height=\"150\" src=\"https:\/\/www.alinechague.fr\/wp-content\/uploads\/2025\/06\/troubles-addictions-accompagnement-therapie-150x150.png\" class=\"attachment-thumbnail size-thumbnail wp-image-484\" alt=\"Illustration d\u2019un cerveau symbolisant les diff\u00e9rentes formes d\u2019addictions accompagn\u00e9es en th\u00e9rapie\" \/>\t\t\t\t\t\t\t\t<\/a>\n\t\t\t\t\t\t\t\t\t\t\t<figcaption class=\"widget-image-caption wp-caption-text\">Consommation excessive<\/figcaption>\n\t\t\t\t\t\t\t\t\t\t<\/figure>\n\t\t\t\t\t\t\t\t\t<\/div>\n\t\t\t\t<\/div>\n\t\t\t\t<\/div>\n\t\t\t\t\t<\/div>\n\t\t\t\t<\/div>\n\t\t<div class=\"elementor-element elementor-element-f6820d5 e-flex e-con-boxed e-con e-parent\" data-id=\"f6820d5\" data-element_type=\"container\" data-e-type=\"container\">\n\t\t\t\t\t<div class=\"e-con-inner\">\n\t\t\t\t<div class=\"elementor-element elementor-element-338dec9 elementor-widget elementor-widget-text-editor\" data-id=\"338dec9\" data-element_type=\"widget\" data-e-type=\"widget\" data-widget_type=\"text-editor.default\">\n\t\t\t\t<div class=\"elementor-widget-container\">\n\t\t\t\t\t\t\t\t\t<p>Avant tout, <strong>vous \u00eates une personne unique.<\/strong><\/p><p>Je vous accueille dans votre enti\u00e8ret\u00e9 et vous accompagne avec bienveillance vers un mieux-\u00eatre.<\/p>\t\t\t\t\t\t\t\t<\/div>\n\t\t\t\t<\/div>\n\t\t\t\t\t<\/div>\n\t\t\t\t<\/div>\n\t\t<div class=\"elementor-element elementor-element-5b7e66f e-flex e-con-boxed e-con e-parent\" data-id=\"5b7e66f\" data-element_type=\"container\" data-e-type=\"container\">\n\t\t\t\t\t<div class=\"e-con-inner\">\n\t\t\t\t<div class=\"elementor-element elementor-element-8cca40f elementor-widget-divider--separator-type-pattern elementor-widget-divider--view-line elementor-widget elementor-widget-divider\" data-id=\"8cca40f\" data-element_type=\"widget\" data-e-type=\"widget\" data-widget_type=\"divider.default\">\n\t\t\t\t<div class=\"elementor-widget-container\">\n\t\t\t\t\t\t\t<div class=\"elementor-divider\" style=\"--divider-pattern-url: url(&quot;data:image\/svg+xml,%3Csvg xmlns=&#039;http:\/\/www.w3.org\/2000\/svg&#039; preserveAspectRatio=&#039;none&#039; overflow=&#039;visible&#039; height=&#039;100%&#039; viewBox=&#039;0 0 24 24&#039; fill=&#039;black&#039; stroke=&#039;none&#039;%3E%3Cpath d=&#039;M12.7,2.3c-0.4-0.4-1.1-0.4-1.5,0l-8,9.1c-0.3,0.4-0.3,0.9,0,1.2l8,9.1c0.4,0.4,1.1,0.4,1.5,0l8-9.1c0.3-0.4,0.3-0.9,0-1.2L12.7,2.3z&#039;\/%3E%3C\/svg%3E&quot;);\">\n\t\t\t<span class=\"elementor-divider-separator\">\n\t\t\t\t\t\t<\/span>\n\t\t<\/div>\n\t\t\t\t\t\t<\/div>\n\t\t\t\t<\/div>\n\t\t\t\t\t<\/div>\n\t\t\t\t<\/div>\n\t\t<div class=\"elementor-element elementor-element-647d40a e-flex e-con-boxed e-con e-parent\" data-id=\"647d40a\" data-element_type=\"container\" data-e-type=\"container\">\n\t\t\t\t\t<div class=\"e-con-inner\">\n\t\t\t\t<div class=\"elementor-element elementor-element-8058e8d elementor-widget elementor-widget-heading\" data-id=\"8058e8d\" data-element_type=\"widget\" data-e-type=\"widget\" data-widget_type=\"heading.default\">\n\t\t\t\t<div class=\"elementor-widget-container\">\n\t\t\t\t\t<h3 class=\"elementor-heading-title elementor-size-default\">Faire un pas vers votre bien-\u00eatre int\u00e9rieur commence ici<\/h3>\t\t\t\t<\/div>\n\t\t\t\t<\/div>\n\t\t\t\t\t<\/div>\n\t\t\t\t<\/div>\n\t\t\t\t<\/div>\n\t\t","protected":false},"excerpt":{"rendered":"<p>Bienvenue dans un espace d&#8217;accueil et de bienveillance.\u00a0 Je suis Aline Chagu\u00e9, psychopraticienne sp\u00e9cialis\u00e9e en d\u00e9pression et addictions \u00e0 Besan\u00e7on et en ligne. Ici,&#8230;<\/p>\n","protected":false},"author":1,"featured_media":0,"parent":0,"menu_order":0,"comment_status":"closed","ping_status":"closed","template":"","meta":{"footnotes":""},"class_list":["post-64","page","type-page","status-publish","hentry"],"yoast_head":"<!-- This site is optimized with the Yoast SEO plugin v27.2 - https:\/\/yoast.com\/product\/yoast-seo-wordpress\/ -->\n<title>Psychopraticienne \u00e0 Besan\u00e7on \u2013 Aline Chagu\u00e9 - Aline Chagu\u00e9<\/title>\n<meta name=\"description\" content=\"Aline Chagu\u00e9, psychopraticienne \u00e0 Besan\u00e7on, vous accompagne avec bienveillance en th\u00e9rapie pour l\u2019anxi\u00e9t\u00e9, la d\u00e9pression et les addictions.\" \/>\n<meta name=\"robots\" content=\"index, follow, max-snippet:-1, max-image-preview:large, max-video-preview:-1\" \/>\n<link rel=\"canonical\" href=\"https:\/\/www.alinechague.fr\/\" \/>\n<meta property=\"og:locale\" content=\"en_US\" \/>\n<meta property=\"og:type\" content=\"article\" \/>\n<meta property=\"og:title\" content=\"Psychopraticienne \u00e0 Besan\u00e7on \u2013 Aline Chagu\u00e9 - Aline Chagu\u00e9\" \/>\n<meta property=\"og:description\" content=\"Aline Chagu\u00e9, psychopraticienne \u00e0 Besan\u00e7on, vous accompagne avec bienveillance en th\u00e9rapie pour l\u2019anxi\u00e9t\u00e9, la d\u00e9pression et les addictions.\" \/>\n<meta property=\"og:url\" content=\"https:\/\/www.alinechague.fr\/\" \/>\n<meta property=\"og:site_name\" content=\"Aline Chagu\u00e9\" \/>\n<meta property=\"article:modified_time\" content=\"2025-07-02T13:09:41+00:00\" \/>\n<meta property=\"og:image\" content=\"http:\/\/www.alinechague.fr\/wp-content\/uploads\/2025\/06\/mal-etre-depression-psychopraticienne-franche-comte-150x150.png\" \/>\n<meta name=\"twitter:card\" content=\"summary_large_image\" \/>\n<meta name=\"twitter:label1\" content=\"Est. reading time\" \/>\n\t<meta name=\"twitter:data1\" content=\"2 minutes\" \/>\n<script type=\"application\/ld+json\" class=\"yoast-schema-graph\">{\"@context\":\"https:\/\/schema.org\",\"@graph\":[{\"@type\":\"WebPage\",\"@id\":\"https:\/\/www.alinechague.fr\/\",\"url\":\"https:\/\/www.alinechague.fr\/\",\"name\":\"Psychopraticienne \u00e0 Besan\u00e7on \u2013 Aline Chagu\u00e9 - Aline Chagu\u00e9\",\"isPartOf\":{\"@id\":\"https:\/\/www.alinechague.fr\/#website\"},\"primaryImageOfPage\":{\"@id\":\"https:\/\/www.alinechague.fr\/#primaryimage\"},\"image\":{\"@id\":\"https:\/\/www.alinechague.fr\/#primaryimage\"},\"thumbnailUrl\":\"http:\/\/www.alinechague.fr\/wp-content\/uploads\/2025\/06\/mal-etre-depression-psychopraticienne-franche-comte-150x150.png\",\"datePublished\":\"2025-05-27T12:46:35+00:00\",\"dateModified\":\"2025-07-02T13:09:41+00:00\",\"description\":\"Aline Chagu\u00e9, psychopraticienne \u00e0 Besan\u00e7on, vous accompagne avec bienveillance en th\u00e9rapie pour l\u2019anxi\u00e9t\u00e9, la d\u00e9pression et les addictions.\",\"breadcrumb\":{\"@id\":\"https:\/\/www.alinechague.fr\/#breadcrumb\"},\"inLanguage\":\"en-US\",\"potentialAction\":[{\"@type\":\"ReadAction\",\"target\":[\"https:\/\/www.alinechague.fr\/\"]}]},{\"@type\":\"ImageObject\",\"inLanguage\":\"en-US\",\"@id\":\"https:\/\/www.alinechague.fr\/#primaryimage\",\"url\":\"https:\/\/www.alinechague.fr\/wp-content\/uploads\/2025\/06\/mal-etre-depression-psychopraticienne-franche-comte.png\",\"contentUrl\":\"https:\/\/www.alinechague.fr\/wp-content\/uploads\/2025\/06\/mal-etre-depression-psychopraticienne-franche-comte.png\",\"width\":1149,\"height\":1005,\"caption\":\"Illustration des troubles d\u00e9pressifs et soutien th\u00e9rapeutique sans jugement\"},{\"@type\":\"BreadcrumbList\",\"@id\":\"https:\/\/www.alinechague.fr\/#breadcrumb\",\"itemListElement\":[{\"@type\":\"ListItem\",\"position\":1,\"name\":\"Accueil\",\"item\":\"https:\/\/www.alinechague.fr\/\"},{\"@type\":\"ListItem\",\"position\":2,\"name\":\"Psychopraticienne \u00e0 Besan\u00e7on \u2013 Aline Chagu\u00e9\"}]},{\"@type\":\"WebSite\",\"@id\":\"https:\/\/www.alinechague.fr\/#website\",\"url\":\"https:\/\/www.alinechague.fr\/\",\"name\":\"Aline Chagu\u00e9 - Psychopraticienne \u00e0 Besan\u00e7on\",\"description\":\"Psychopraticienne\",\"publisher\":{\"@id\":\"https:\/\/www.alinechague.fr\/#\/schema\/person\/30b5e4312cd21710a358ee2f45152f73\"},\"potentialAction\":[{\"@type\":\"SearchAction\",\"target\":{\"@type\":\"EntryPoint\",\"urlTemplate\":\"https:\/\/www.alinechague.fr\/?s={search_term_string}\"},\"query-input\":{\"@type\":\"PropertyValueSpecification\",\"valueRequired\":true,\"valueName\":\"search_term_string\"}}],\"inLanguage\":\"en-US\"},{\"@type\":[\"Person\",\"Organization\"],\"@id\":\"https:\/\/www.alinechague.fr\/#\/schema\/person\/30b5e4312cd21710a358ee2f45152f73\",\"name\":\"admin6596\",\"image\":{\"@type\":\"ImageObject\",\"inLanguage\":\"en-US\",\"@id\":\"https:\/\/www.alinechague.fr\/wp-content\/uploads\/2025\/05\/cropped-Logo-noir.png\",\"url\":\"https:\/\/www.alinechague.fr\/wp-content\/uploads\/2025\/05\/cropped-Logo-noir.png\",\"contentUrl\":\"https:\/\/www.alinechague.fr\/wp-content\/uploads\/2025\/05\/cropped-Logo-noir.png\",\"width\":512,\"height\":512,\"caption\":\"admin6596\"},\"logo\":{\"@id\":\"https:\/\/www.alinechague.fr\/wp-content\/uploads\/2025\/05\/cropped-Logo-noir.png\"},\"sameAs\":[\"http:\/\/www.alinechague.fr\"]}]}<\/script>\n<!-- \/ Yoast SEO plugin. -->","yoast_head_json":{"title":"Psychopraticienne \u00e0 Besan\u00e7on \u2013 Aline Chagu\u00e9 - Aline Chagu\u00e9","description":"Aline Chagu\u00e9, psychopraticienne \u00e0 Besan\u00e7on, vous accompagne avec bienveillance en th\u00e9rapie pour l\u2019anxi\u00e9t\u00e9, la d\u00e9pression et les addictions.","robots":{"index":"index","follow":"follow","max-snippet":"max-snippet:-1","max-image-preview":"max-image-preview:large","max-video-preview":"max-video-preview:-1"},"canonical":"https:\/\/www.alinechague.fr\/","og_locale":"en_US","og_type":"article","og_title":"Psychopraticienne \u00e0 Besan\u00e7on \u2013 Aline Chagu\u00e9 - Aline Chagu\u00e9","og_description":"Aline Chagu\u00e9, psychopraticienne \u00e0 Besan\u00e7on, vous accompagne avec bienveillance en th\u00e9rapie pour l\u2019anxi\u00e9t\u00e9, la d\u00e9pression et les addictions.","og_url":"https:\/\/www.alinechague.fr\/","og_site_name":"Aline Chagu\u00e9","article_modified_time":"2025-07-02T13:09:41+00:00","og_image":[{"url":"http:\/\/www.alinechague.fr\/wp-content\/uploads\/2025\/06\/mal-etre-depression-psychopraticienne-franche-comte-150x150.png","type":"","width":"","height":""}],"twitter_card":"summary_large_image","twitter_misc":{"Est. reading time":"2 minutes"},"schema":{"@context":"https:\/\/schema.org","@graph":[{"@type":"WebPage","@id":"https:\/\/www.alinechague.fr\/","url":"https:\/\/www.alinechague.fr\/","name":"Psychopraticienne \u00e0 Besan\u00e7on \u2013 Aline Chagu\u00e9 - Aline Chagu\u00e9","isPartOf":{"@id":"https:\/\/www.alinechague.fr\/#website"},"primaryImageOfPage":{"@id":"https:\/\/www.alinechague.fr\/#primaryimage"},"image":{"@id":"https:\/\/www.alinechague.fr\/#primaryimage"},"thumbnailUrl":"http:\/\/www.alinechague.fr\/wp-content\/uploads\/2025\/06\/mal-etre-depression-psychopraticienne-franche-comte-150x150.png","datePublished":"2025-05-27T12:46:35+00:00","dateModified":"2025-07-02T13:09:41+00:00","description":"Aline Chagu\u00e9, psychopraticienne \u00e0 Besan\u00e7on, vous accompagne avec bienveillance en th\u00e9rapie pour l\u2019anxi\u00e9t\u00e9, la d\u00e9pression et les addictions.","breadcrumb":{"@id":"https:\/\/www.alinechague.fr\/#breadcrumb"},"inLanguage":"en-US","potentialAction":[{"@type":"ReadAction","target":["https:\/\/www.alinechague.fr\/"]}]},{"@type":"ImageObject","inLanguage":"en-US","@id":"https:\/\/www.alinechague.fr\/#primaryimage","url":"https:\/\/www.alinechague.fr\/wp-content\/uploads\/2025\/06\/mal-etre-depression-psychopraticienne-franche-comte.png","contentUrl":"https:\/\/www.alinechague.fr\/wp-content\/uploads\/2025\/06\/mal-etre-depression-psychopraticienne-franche-comte.png","width":1149,"height":1005,"caption":"Illustration des troubles d\u00e9pressifs et soutien th\u00e9rapeutique sans jugement"},{"@type":"BreadcrumbList","@id":"https:\/\/www.alinechague.fr\/#breadcrumb","itemListElement":[{"@type":"ListItem","position":1,"name":"Accueil","item":"https:\/\/www.alinechague.fr\/"},{"@type":"ListItem","position":2,"name":"Psychopraticienne \u00e0 Besan\u00e7on \u2013 Aline Chagu\u00e9"}]},{"@type":"WebSite","@id":"https:\/\/www.alinechague.fr\/#website","url":"https:\/\/www.alinechague.fr\/","name":"Aline Chagu\u00e9 - Psychopraticienne \u00e0 Besan\u00e7on","description":"Psychopraticienne","publisher":{"@id":"https:\/\/www.alinechague.fr\/#\/schema\/person\/30b5e4312cd21710a358ee2f45152f73"},"potentialAction":[{"@type":"SearchAction","target":{"@type":"EntryPoint","urlTemplate":"https:\/\/www.alinechague.fr\/?s={search_term_string}"},"query-input":{"@type":"PropertyValueSpecification","valueRequired":true,"valueName":"search_term_string"}}],"inLanguage":"en-US"},{"@type":["Person","Organization"],"@id":"https:\/\/www.alinechague.fr\/#\/schema\/person\/30b5e4312cd21710a358ee2f45152f73","name":"admin6596","image":{"@type":"ImageObject","inLanguage":"en-US","@id":"https:\/\/www.alinechague.fr\/wp-content\/uploads\/2025\/05\/cropped-Logo-noir.png","url":"https:\/\/www.alinechague.fr\/wp-content\/uploads\/2025\/05\/cropped-Logo-noir.png","contentUrl":"https:\/\/www.alinechague.fr\/wp-content\/uploads\/2025\/05\/cropped-Logo-noir.png","width":512,"height":512,"caption":"admin6596"},"logo":{"@id":"https:\/\/www.alinechague.fr\/wp-content\/uploads\/2025\/05\/cropped-Logo-noir.png"},"sameAs":["http:\/\/www.alinechague.fr"]}]}},"jetpack_sharing_enabled":true,"_links":{"self":[{"href":"https:\/\/www.alinechague.fr\/index.php\/wp-json\/wp\/v2\/pages\/64","targetHints":{"allow":["GET"]}}],"collection":[{"href":"https:\/\/www.alinechague.fr\/index.php\/wp-json\/wp\/v2\/pages"}],"about":[{"href":"https:\/\/www.alinechague.fr\/index.php\/wp-json\/wp\/v2\/types\/page"}],"author":[{"embeddable":true,"href":"https:\/\/www.alinechague.fr\/index.php\/wp-json\/wp\/v2\/users\/1"}],"replies":[{"embeddable":true,"href":"https:\/\/www.alinechague.fr\/index.php\/wp-json\/wp\/v2\/comments?post=64"}],"version-history":[{"count":98,"href":"https:\/\/www.alinechague.fr\/index.php\/wp-json\/wp\/v2\/pages\/64\/revisions"}],"predecessor-version":[{"id":587,"href":"https:\/\/www.alinechague.fr\/index.php\/wp-json\/wp\/v2\/pages\/64\/revisions\/587"}],"wp:attachment":[{"href":"https:\/\/www.alinechague.fr\/index.php\/wp-json\/wp\/v2\/media?parent=64"}],"curies":[{"name":"wp","href":"https:\/\/api.w.org\/{rel}","templated":true}]}}